{"id":462,"date":"2016-01-08T11:28:46","date_gmt":"2016-01-08T11:28:46","guid":{"rendered":"http:\/\/consulting.stylemixthemes.com\/demo\/?page_id=462"},"modified":"2022-08-17T19:00:08","modified_gmt":"2022-08-17T17:00:08","slug":"our-team-grid","status":"publish","type":"page","link":"https:\/\/apim-mali.cliniquepasteurmali.com\/testA\/company-overview\/our-team-grid\/","title":{"rendered":"Legislation"},"content":{"rendered":"\t\t<div data-elementor-type=\"wp-page\" data-elementor-id=\"462\" class=\"elementor elementor-462\">\n\t\t\t\t\t\t\t\t\t<section class=\"elementor-section elementor-top-section elementor-element elementor-element-a8a192e elementor-section-boxed elementor-section-height-default elementor-section-height-default\" data-id=\"a8a192e\" data-element_type=\"section\" data-settings=\"{&quot;background_background&quot;:&quot;classic&quot;}\">\n\t\t\t\t\t\t<div class=\"elementor-container elementor-column-gap-default\">\n\t\t\t\t\t<div class=\"elementor-column elementor-col-75 elementor-top-column elementor-element elementor-element-a8a1e1d\" data-id=\"a8a1e1d\" data-element_type=\"column\">\n\t\t\t<div class=\"elementor-widget-wrap elementor-element-populated\">\n\t\t\t\t\t\t\t\t<div class=\"elementor-element elementor-element-a8a21e4 elementor-widget elementor-widget-vc_custom_heading\" data-id=\"a8a21e4\" data-element_type=\"widget\" data-widget_type=\"vc_custom_heading.default\">\n\t\t\t\t<div class=\"elementor-widget-container\">\n\t\t\t<div class=\" vc_custom_heading  consulting_heading_font  text_align_left\" ><h2 style=\"text-align: left;font-weight:700\" class=\"consulting-custom-title\">Legislation<\/h2><\/div>\t\t<\/div>\n\t\t\t\t<\/div>\n\t\t\t\t<div class=\"elementor-element elementor-element-a8a24be elementor-widget elementor-widget-stm_staff_list\" data-id=\"a8a24be\" data-element_type=\"widget\" data-widget_type=\"stm_staff_list.default\">\n\t\t\t\t<div class=\"elementor-widget-container\">\n\t\t\t\n\t<div class=\"staff_list consulting_elementor_staff_list  grid cols_3 \">\n\t\t<ul>\n\t\t\t\t\t\t\t<li>\n\t\t\t\t\t\t\t\t\t\t\t\t\t\t\t\t\t\t\t\t\t\t\t<div class=\"staff_image\">\n\t\t\t\t\t\t\t\t<a href=\"https:\/\/apim-mali.cliniquepasteurmali.com\/testA\/staff\/sory-ibrahima-maiga-2\/\">\n\t\t\t\t\t\t\t\t\t<img loading=\"lazy\" decoding=\"async\" width=\"217\" height=\"250\" src=\"https:\/\/apim-mali.cliniquepasteurmali.com\/testA\/wp-content\/uploads\/2022\/08\/PHOTO-2022-08-15-12-16-24-e1661027716543-217x250.jpg\" class=\"attachment-consulting-image-350x250-croped size-consulting-image-350x250-croped wp-post-image\" alt=\"\" \/>\t\t\t\t\t\t\t\t<\/a>\n\t\t\t\t\t\t\t<\/div>\n\t\t\t\t\t\t\t\t\t\t\t\t<div class=\"staff_info\">\n\t\t\t\t\t\t\t<h4 class=\"no_stripe\">\n\t\t\t\t\t\t\t\t<a href=\"https:\/\/apim-mali.cliniquepasteurmali.com\/testA\/staff\/sory-ibrahima-maiga-2\/\" class=\"secondary_font_color_hv text_decoration_none\">Sory Ibrahima MAIGA<\/a>\n\t\t\t\t\t\t\t<\/h4>\n\t\t\t\t\t\t\t\t\t\t\t\t\t\t\t\t\t\t\t\t\t\t\t\t\t\t\t\t\t\t\t\t\t\t\t\t<p>Pr\u00e9sident<\/p>\n\t\t\t\t\t\t\t\t\t\t\t\t\t\t<a class=\"read_more\" href=\"https:\/\/apim-mali.cliniquepasteurmali.com\/testA\/staff\/sory-ibrahima-maiga-2\/\">\n\t\t\t\t\t\t\t\t<span>view profile<\/span>\n\t\t\t\t\t\t\t\t<i class=\" fa fa-chevron-right stm_icon\"><\/i>\n\t\t\t\t\t\t\t<\/a>\n\t\t\t\t\t\t<\/div>\n\t\t\t\t\t\t\t\t\t<\/li>\n\t\t\t\t\t\t\t\t<li>\n\t\t\t\t\t\t\t\t\t\t\t\t\t\t\t\t\t\t\t\t\t\t\t<div class=\"staff_image\">\n\t\t\t\t\t\t\t\t<a href=\"https:\/\/apim-mali.cliniquepasteurmali.com\/testA\/staff\/madame-cisse-lala-aicha-askofare-2\/\">\n\t\t\t\t\t\t\t\t\t<img loading=\"lazy\" decoding=\"async\" width=\"350\" height=\"250\" src=\"https:\/\/apim-mali.cliniquepasteurmali.com\/testA\/wp-content\/uploads\/2022\/08\/png-transparent-computer-icons-avatar-user-profile-online-identity-avatar-thumbnail-350x250.png\" class=\"attachment-consulting-image-350x250-croped size-consulting-image-350x250-croped wp-post-image\" alt=\"\" srcset=\"https:\/\/apim-mali.cliniquepasteurmali.com\/testA\/wp-content\/uploads\/2022\/08\/png-transparent-computer-icons-avatar-user-profile-online-identity-avatar-thumbnail-350x250.png 350w, https:\/\/apim-mali.cliniquepasteurmali.com\/testA\/wp-content\/uploads\/2022\/08\/png-transparent-computer-icons-avatar-user-profile-online-identity-avatar-thumbnail-255x182.png 255w\" sizes=\"auto, (max-width: 350px) 100vw, 350px\" \/>\t\t\t\t\t\t\t\t<\/a>\n\t\t\t\t\t\t\t<\/div>\n\t\t\t\t\t\t\t\t\t\t\t\t<div class=\"staff_info\">\n\t\t\t\t\t\t\t<h4 class=\"no_stripe\">\n\t\t\t\t\t\t\t\t<a href=\"https:\/\/apim-mali.cliniquepasteurmali.com\/testA\/staff\/madame-cisse-lala-aicha-askofare-2\/\" class=\"secondary_font_color_hv text_decoration_none\">Madame CISSE lala Aicha ASKOFARE<\/a>\n\t\t\t\t\t\t\t<\/h4>\n\t\t\t\t\t\t\t\t\t\t\t\t\t\t\t\t\t\t\t\t\t\t\t\t\t\t\t\t\t\t\t\t\t\t\t\t<p>Vice-Pr\u00e9sident<\/p>\n\t\t\t\t\t\t\t\t\t\t\t\t\t\t<a class=\"read_more\" href=\"https:\/\/apim-mali.cliniquepasteurmali.com\/testA\/staff\/madame-cisse-lala-aicha-askofare-2\/\">\n\t\t\t\t\t\t\t\t<span>view profile<\/span>\n\t\t\t\t\t\t\t\t<i class=\" fa fa-chevron-right stm_icon\"><\/i>\n\t\t\t\t\t\t\t<\/a>\n\t\t\t\t\t\t<\/div>\n\t\t\t\t\t\t\t\t\t<\/li>\n\t\t\t\t\t\t\t\t<li>\n\t\t\t\t\t\t\t\t\t\t\t\t\t\t\t\t\t\t\t\t\t\t\t<div class=\"staff_image\">\n\t\t\t\t\t\t\t\t<a href=\"https:\/\/apim-mali.cliniquepasteurmali.com\/testA\/staff\/cheick-keita-dit-bamoye-2\/\">\n\t\t\t\t\t\t\t\t\t<img loading=\"lazy\" decoding=\"async\" width=\"350\" height=\"250\" src=\"https:\/\/apim-mali.cliniquepasteurmali.com\/testA\/wp-content\/uploads\/2022\/08\/PHOTO-2022-08-19-16-29-17-350x250.jpg\" class=\"attachment-consulting-image-350x250-croped size-consulting-image-350x250-croped wp-post-image\" alt=\"\" srcset=\"https:\/\/apim-mali.cliniquepasteurmali.com\/testA\/wp-content\/uploads\/2022\/08\/PHOTO-2022-08-19-16-29-17-350x250.jpg 350w, https:\/\/apim-mali.cliniquepasteurmali.com\/testA\/wp-content\/uploads\/2022\/08\/PHOTO-2022-08-19-16-29-17-255x182.jpg 255w\" sizes=\"auto, (max-width: 350px) 100vw, 350px\" \/>\t\t\t\t\t\t\t\t<\/a>\n\t\t\t\t\t\t\t<\/div>\n\t\t\t\t\t\t\t\t\t\t\t\t<div class=\"staff_info\">\n\t\t\t\t\t\t\t<h4 class=\"no_stripe\">\n\t\t\t\t\t\t\t\t<a href=\"https:\/\/apim-mali.cliniquepasteurmali.com\/testA\/staff\/cheick-keita-dit-bamoye-2\/\" class=\"secondary_font_color_hv text_decoration_none\">Cheick KEITA dit Bamoye<\/a>\n\t\t\t\t\t\t\t<\/h4>\n\t\t\t\t\t\t\t\t\t\t\t\t\t\t\t\t\t\t\t\t\t\t\t\t\t\t\t\t\t\t\t\t\t\t\t\t<p>Secr\u00e9taire Administratif<\/p>\n\t\t\t\t\t\t\t\t\t\t\t\t\t\t<a class=\"read_more\" href=\"https:\/\/apim-mali.cliniquepasteurmali.com\/testA\/staff\/cheick-keita-dit-bamoye-2\/\">\n\t\t\t\t\t\t\t\t<span>view profile<\/span>\n\t\t\t\t\t\t\t\t<i class=\" fa fa-chevron-right stm_icon\"><\/i>\n\t\t\t\t\t\t\t<\/a>\n\t\t\t\t\t\t<\/div>\n\t\t\t\t\t\t\t\t\t<\/li>\n\t\t\t\t\t\t\t\t<li>\n\t\t\t\t\t\t\t\t\t\t\t\t\t\t\t\t\t\t\t\t\t\t\t<div class=\"staff_image\">\n\t\t\t\t\t\t\t\t<a href=\"https:\/\/apim-mali.cliniquepasteurmali.com\/testA\/staff\/mamadou-coulibaly-2\/\">\n\t\t\t\t\t\t\t\t\t<img loading=\"lazy\" decoding=\"async\" width=\"350\" height=\"250\" src=\"https:\/\/apim-mali.cliniquepasteurmali.com\/testA\/wp-content\/uploads\/2022\/08\/PHOTO-2022-08-19-16-22-13-2-350x250.jpg\" class=\"attachment-consulting-image-350x250-croped size-consulting-image-350x250-croped wp-post-image\" alt=\"\" srcset=\"https:\/\/apim-mali.cliniquepasteurmali.com\/testA\/wp-content\/uploads\/2022\/08\/PHOTO-2022-08-19-16-22-13-2-350x250.jpg 350w, https:\/\/apim-mali.cliniquepasteurmali.com\/testA\/wp-content\/uploads\/2022\/08\/PHOTO-2022-08-19-16-22-13-2-255x182.jpg 255w, https:\/\/apim-mali.cliniquepasteurmali.com\/testA\/wp-content\/uploads\/2022\/08\/PHOTO-2022-08-19-16-22-13-2-900x640.jpg 900w\" sizes=\"auto, (max-width: 350px) 100vw, 350px\" \/>\t\t\t\t\t\t\t\t<\/a>\n\t\t\t\t\t\t\t<\/div>\n\t\t\t\t\t\t\t\t\t\t\t\t<div class=\"staff_info\">\n\t\t\t\t\t\t\t<h4 class=\"no_stripe\">\n\t\t\t\t\t\t\t\t<a href=\"https:\/\/apim-mali.cliniquepasteurmali.com\/testA\/staff\/mamadou-coulibaly-2\/\" class=\"secondary_font_color_hv text_decoration_none\">Mamadou COULIBALY<\/a>\n\t\t\t\t\t\t\t<\/h4>\n\t\t\t\t\t\t\t\t\t\t\t\t\t\t\t\t\t\t\t\t\t\t\t\t\t\t\t\t\t\t\t\t\t\t\t\t<p>Tr\u00e9sorier G\u00e9n\u00e9ral<\/p>\n\t\t\t\t\t\t\t\t\t\t\t\t\t\t<a class=\"read_more\" href=\"https:\/\/apim-mali.cliniquepasteurmali.com\/testA\/staff\/mamadou-coulibaly-2\/\">\n\t\t\t\t\t\t\t\t<span>view profile<\/span>\n\t\t\t\t\t\t\t\t<i class=\" fa fa-chevron-right stm_icon\"><\/i>\n\t\t\t\t\t\t\t<\/a>\n\t\t\t\t\t\t<\/div>\n\t\t\t\t\t\t\t\t\t<\/li>\n\t\t\t\t\t\t\t\t<li>\n\t\t\t\t\t\t\t\t\t\t\t\t\t\t\t\t\t\t\t\t\t\t\t<div class=\"staff_image\">\n\t\t\t\t\t\t\t\t<a href=\"https:\/\/apim-mali.cliniquepasteurmali.com\/testA\/staff\/ibrahima-sacko-2\/\">\n\t\t\t\t\t\t\t\t\t<img loading=\"lazy\" decoding=\"async\" width=\"350\" height=\"250\" src=\"https:\/\/apim-mali.cliniquepasteurmali.com\/testA\/wp-content\/uploads\/2022\/08\/admin-ajax-350x250.jpg\" class=\"attachment-consulting-image-350x250-croped size-consulting-image-350x250-croped wp-post-image\" alt=\"\" srcset=\"https:\/\/apim-mali.cliniquepasteurmali.com\/testA\/wp-content\/uploads\/2022\/08\/admin-ajax-350x250.jpg 350w, https:\/\/apim-mali.cliniquepasteurmali.com\/testA\/wp-content\/uploads\/2022\/08\/admin-ajax-255x182.jpg 255w\" sizes=\"auto, (max-width: 350px) 100vw, 350px\" \/>\t\t\t\t\t\t\t\t<\/a>\n\t\t\t\t\t\t\t<\/div>\n\t\t\t\t\t\t\t\t\t\t\t\t<div class=\"staff_info\">\n\t\t\t\t\t\t\t<h4 class=\"no_stripe\">\n\t\t\t\t\t\t\t\t<a href=\"https:\/\/apim-mali.cliniquepasteurmali.com\/testA\/staff\/ibrahima-sacko-2\/\" class=\"secondary_font_color_hv text_decoration_none\">Ibrahima SACKO<\/a>\n\t\t\t\t\t\t\t<\/h4>\n\t\t\t\t\t\t\t\t\t\t\t\t\t\t\t\t\t\t\t\t\t\t\t\t\t\t\t\t\t\t\t\t\t\t\t\t<p>Commissaire aux Compte<\/p>\n\t\t\t\t\t\t\t\t\t\t\t\t\t\t<a class=\"read_more\" href=\"https:\/\/apim-mali.cliniquepasteurmali.com\/testA\/staff\/ibrahima-sacko-2\/\">\n\t\t\t\t\t\t\t\t<span>view profile<\/span>\n\t\t\t\t\t\t\t\t<i class=\" fa fa-chevron-right stm_icon\"><\/i>\n\t\t\t\t\t\t\t<\/a>\n\t\t\t\t\t\t<\/div>\n\t\t\t\t\t\t\t\t\t<\/li>\n\t\t\t\t\t\t\t\t<li>\n\t\t\t\t\t\t\t\t\t\t\t\t\t\t\t\t\t\t\t\t\t\t\t<div class=\"staff_image\">\n\t\t\t\t\t\t\t\t<a href=\"https:\/\/apim-mali.cliniquepasteurmali.com\/testA\/staff\/abdrahamane-thiam-2\/\">\n\t\t\t\t\t\t\t\t\t<img loading=\"lazy\" decoding=\"async\" width=\"350\" height=\"250\" src=\"https:\/\/apim-mali.cliniquepasteurmali.com\/testA\/wp-content\/uploads\/2022\/08\/png-transparent-computer-icons-avatar-user-profile-online-identity-avatar-thumbnail-350x250.png\" class=\"attachment-consulting-image-350x250-croped size-consulting-image-350x250-croped wp-post-image\" alt=\"\" srcset=\"https:\/\/apim-mali.cliniquepasteurmali.com\/testA\/wp-content\/uploads\/2022\/08\/png-transparent-computer-icons-avatar-user-profile-online-identity-avatar-thumbnail-350x250.png 350w, https:\/\/apim-mali.cliniquepasteurmali.com\/testA\/wp-content\/uploads\/2022\/08\/png-transparent-computer-icons-avatar-user-profile-online-identity-avatar-thumbnail-255x182.png 255w\" sizes=\"auto, (max-width: 350px) 100vw, 350px\" \/>\t\t\t\t\t\t\t\t<\/a>\n\t\t\t\t\t\t\t<\/div>\n\t\t\t\t\t\t\t\t\t\t\t\t<div class=\"staff_info\">\n\t\t\t\t\t\t\t<h4 class=\"no_stripe\">\n\t\t\t\t\t\t\t\t<a href=\"https:\/\/apim-mali.cliniquepasteurmali.com\/testA\/staff\/abdrahamane-thiam-2\/\" class=\"secondary_font_color_hv text_decoration_none\">Abdrahamane THIAM<\/a>\n\t\t\t\t\t\t\t<\/h4>\n\t\t\t\t\t\t\t\t\t\t\t\t\t\t\t\t\t\t\t\t\t\t\t\t\t\t\t\t\t\t\t\t\t\t\t\t<p>...<\/p>\n\t\t\t\t\t\t\t\t\t\t\t\t\t\t<a class=\"read_more\" href=\"https:\/\/apim-mali.cliniquepasteurmali.com\/testA\/staff\/abdrahamane-thiam-2\/\">\n\t\t\t\t\t\t\t\t<span>view profile<\/span>\n\t\t\t\t\t\t\t\t<i class=\" fa fa-chevron-right stm_icon\"><\/i>\n\t\t\t\t\t\t\t<\/a>\n\t\t\t\t\t\t<\/div>\n\t\t\t\t\t\t\t\t\t<\/li>\n\t\t\t\t\t\t\t\t\t<\/ul>\n\t<\/div>\n\t\t<\/div>\n\t\t\t\t<\/div>\n\t\t\t\t\t<\/div>\n\t\t<\/div>\n\t\t\t\t<div class=\"elementor-column elementor-col-25 elementor-top-column elementor-element elementor-element-a8a256c\" data-id=\"a8a256c\" data-element_type=\"column\">\n\t\t\t<div class=\"elementor-widget-wrap elementor-element-populated\">\n\t\t\t\t\t\t\t\t<div class=\"elementor-element elementor-element-a8a2930 elementor-widget elementor-widget-stm_sidebar\" data-id=\"a8a2930\" data-element_type=\"widget\" data-widget_type=\"stm_sidebar.default\">\n\t\t\t\t<div class=\"elementor-widget-container\">\n\t\t\t\n<div class=\"stm_sidebar consulting_elementor_sidebar\">\n\n            \t\t<div data-elementor-type=\"wp-post\" data-elementor-id=\"311\" class=\"elementor elementor-311\">\n\t\t\t\t\t\t\t\t\t<section class=\"elementor-section elementor-top-section elementor-element elementor-element-d75d164 elementor-section-boxed elementor-section-height-default elementor-section-height-default\" data-id=\"d75d164\" data-element_type=\"section\" data-settings=\"{&quot;background_background&quot;:&quot;classic&quot;}\">\n\t\t\t\t\t\t<div class=\"elementor-container elementor-column-gap-default\">\n\t\t\t\t\t<div class=\"elementor-column elementor-col-100 elementor-top-column elementor-element elementor-element-d75d63e\" data-id=\"d75d63e\" data-element_type=\"column\">\n\t\t\t<div class=\"elementor-widget-wrap elementor-element-populated\">\n\t\t\t\t\t\t\t\t<div class=\"elementor-element elementor-element-d75e274 elementor-align-left elementor-widget elementor-widget-button\" data-id=\"d75e274\" data-element_type=\"widget\" data-widget_type=\"button.default\">\n\t\t\t\t<div class=\"elementor-widget-container\">\n\t\t\t\t\t<div class=\"elementor-button-wrapper icon_align_left  button_block\">\n\t\t\t<a href=\"#\" class=\"elementor-button-link elementor-button elementor-size-lg\" role=\"button\">\n\t\t\t\t\t\t<span class=\"elementor-button-content-wrapper\">\n\t\t\t\t\t\t\t<span class=\"elementor-button-icon elementor-align-icon-left\">\n\t\t\t\t<i aria-hidden=\"true\" class=\"fa fa-file-pdf-o\"><\/i>\t\t\t<\/span>\n\t\t\t\t\t\t<span class=\"elementor-button-text\">Pr\u00e9sentation de l'entreprise<\/span>\n\t\t<\/span>\n\t\t\t\t\t<\/a>\n\t\t<\/div>\n\t\t\t\t<\/div>\n\t\t\t\t<\/div>\n\t\t\t\t\t<\/div>\n\t\t<\/div>\n\t\t\t\t\t\t\t<\/div>\n\t\t<\/section>\n\t\t\t\t<section class=\"elementor-section elementor-top-section elementor-element elementor-element-d75f04d third_bg_color elementor-section-boxed elementor-section-height-default elementor-section-height-default\" data-id=\"d75f04d\" data-element_type=\"section\" data-settings=\"{&quot;background_background&quot;:&quot;classic&quot;}\">\n\t\t\t\t\t\t<div class=\"elementor-container elementor-column-gap-default\">\n\t\t\t\t\t<div class=\"elementor-column elementor-col-100 elementor-top-column elementor-element elementor-element-d75f502\" data-id=\"d75f502\" data-element_type=\"column\" data-settings=\"{&quot;background_background&quot;:&quot;classic&quot;}\">\n\t\t\t<div class=\"elementor-widget-wrap elementor-element-populated\">\n\t\t\t\t\t\t\t\t<div class=\"elementor-element elementor-element-d75f8fa elementor-widget elementor-widget-vc_custom_heading\" data-id=\"d75f8fa\" data-element_type=\"widget\" data-widget_type=\"vc_custom_heading.default\">\n\t\t\t\t<div class=\"elementor-widget-container\">\n\t\t\t<div class=\" vc_custom_heading  consulting_heading_font  text_align_left\" ><div style=\"font-size: 16px;color: #222222;text-align: left;font-weight:700\" class=\"consulting-custom-title\">Comment pouvons-nous vous aider?\n<\/div><\/div>\t\t<\/div>\n\t\t\t\t<\/div>\n\t\t\t\t<div class=\"elementor-element elementor-element-d75fbf9 elementor-widget elementor-widget-text-editor\" data-id=\"d75fbf9\" data-element_type=\"widget\" data-widget_type=\"text-editor.default\">\n\t\t\t\t<div class=\"elementor-widget-container\">\n\t\t\t<style>\/*! elementor - v3.7.1 - 14-08-2022 *\/\n.elementor-widget-text-editor.elementor-drop-cap-view-stacked .elementor-drop-cap{background-color:#818a91;color:#fff}.elementor-widget-text-editor.elementor-drop-cap-view-framed .elementor-drop-cap{color:#818a91;border:3px solid;background-color:transparent}.elementor-widget-text-editor:not(.elementor-drop-cap-view-default) .elementor-drop-cap{margin-top:8px}.elementor-widget-text-editor:not(.elementor-drop-cap-view-default) .elementor-drop-cap-letter{width:1em;height:1em}.elementor-widget-text-editor .elementor-drop-cap{float:left;text-align:center;line-height:1;font-size:50px}.elementor-widget-text-editor .elementor-drop-cap-letter{display:inline-block}<\/style>\t\t\t\t<p>Contactez-nous au bureau APIM , Notre service client d\u00e9di\u00e9 vous r\u00e9pondra dans les plus brefs d\u00e9lais<\/p>\n\t\t\t\t\t\t<\/div>\n\t\t\t\t<\/div>\n\t\t\t\t<div class=\"elementor-element elementor-element-d760053 elementor-widget__width-auto elementor-widget elementor-widget-button\" data-id=\"d760053\" data-element_type=\"widget\" data-widget_type=\"button.default\">\n\t\t\t\t<div class=\"elementor-widget-container\">\n\t\t\t\t\t<div class=\"elementor-button-wrapper icon_align_left  \">\n\t\t\t<a href=\"#\" class=\"elementor-button-link elementor-button elementor-size-sm\" role=\"button\">\n\t\t\t\t\t\t<span class=\"elementor-button-content-wrapper\">\n\t\t\t\t\t\t\t<span class=\"elementor-button-icon elementor-align-icon-left\">\n\t\t\t\t<i aria-hidden=\"true\" class=\"fa fa-phone-square\"><\/i>\t\t\t<\/span>\n\t\t\t\t\t\t<span class=\"elementor-button-text\">contacter-nous<\/span>\n\t\t<\/span>\n\t\t\t\t\t<\/a>\n\t\t<\/div>\n\t\t\t\t<\/div>\n\t\t\t\t<\/div>\n\t\t\t\t\t<\/div>\n\t\t<\/div>\n\t\t\t\t\t\t\t<\/div>\n\t\t<\/section>\n\t\t\t\t<section class=\"elementor-section elementor-top-section elementor-element elementor-element-d760a9c elementor-section-boxed elementor-section-height-default elementor-section-height-default\" data-id=\"d760a9c\" data-element_type=\"section\">\n\t\t\t\t\t\t<div class=\"elementor-container elementor-column-gap-default\">\n\t\t\t\t\t<div class=\"elementor-column elementor-col-100 elementor-top-column elementor-element elementor-element-d760f5a\" data-id=\"d760f5a\" data-element_type=\"column\">\n\t\t\t<div class=\"elementor-widget-wrap elementor-element-populated\">\n\t\t\t\t\t\t\t\t<div class=\"elementor-element elementor-element-d7612fa elementor-widget elementor-widget-stm_testimonials\" data-id=\"d7612fa\" data-element_type=\"widget\" data-widget_type=\"stm_testimonials.default\">\n\t\t\t\t<div class=\"elementor-widget-container\">\n\t\t\t\n\n\t\t\t<div class=\"stm_testimonials consulting_elementor_testimonials style_1\">\n\t\t\t\t\t\t\t<div class=\"item\">\n\t\t\t\t\t<div class=\"testimonial\"><p>Consulting WP really helped us achieve our financial goals. The slick presentation along with fantastic readability ensures that our financial standing is stable.<\/p>\n<\/div>\n\t\t\t\t\t<div class=\"testimonial-info clearfix\">\n\t\t\t\t\t\t<div class=\"testimonial-image\"><\/div>\n\t\t\t\t\t\t<div class=\"testimonial-text\">\n\t\t\t\t\t\t\t<div class=\"name\">Amanda Seyfried<\/div>\n\t\t\t\t\t\t\t<div class=\"company\">\n\t\t\t\t\t\t\tSales &amp; Marketing, Alien Ltd.\t\t\t\t\t\t\t<\/div>\n\t\t\t\t\t\t<\/div>\n\t\t\t\t\t<\/div>\n\t\t\t\t<\/div>\n\t\t\t\t\t<\/div>\n\t\n\t\t\t<\/div>\n\t\t\t\t<\/div>\n\t\t\t\t\t<\/div>\n\t\t<\/div>\n\t\t\t\t\t\t\t<\/div>\n\t\t<\/section>\n\t\t\t\t\t\t\t<\/div>\n\t\t    \n<\/div>\t\t<\/div>\n\t\t\t\t<\/div>\n\t\t\t\t\t<\/div>\n\t\t<\/div>\n\t\t\t\t\t\t\t<\/div>\n\t\t<\/section>\n\t\t\t\t<section class=\"elementor-section elementor-top-section elementor-element elementor-element-a8a29d5 third_bg_color elementor-section-boxed elementor-section-height-default elementor-section-height-default\" data-id=\"a8a29d5\" data-element_type=\"section\" data-settings=\"{&quot;background_background&quot;:&quot;classic&quot;}\">\n\t\t\t\t\t\t<div class=\"elementor-container elementor-column-gap-default\">\n\t\t\t\t\t<div class=\"elementor-column elementor-col-100 elementor-top-column elementor-element elementor-element-a8a2dcd\" data-id=\"a8a2dcd\" data-element_type=\"column\">\n\t\t\t<div class=\"elementor-widget-wrap elementor-element-populated\">\n\t\t\t\t\t\t\t\t<div class=\"elementor-element elementor-element-a8a30f3 elementor-widget elementor-widget-vc_cta\" data-id=\"a8a30f3\" data-element_type=\"widget\" data-widget_type=\"vc_cta.default\">\n\t\t\t\t<div class=\"elementor-widget-container\">\n\t\t\t\n<div class=\"ce_cta ce_cta_5302fb3002ab51aabe12120ad6a65a53 ce_text_left third_bg_color add_button_right btn_align_right btn_button_block_true btn_has_icon btn_has_icon_on_the_right\" id=\"\">\n\n    <div class=\"ce_cta__content\">\n        <div class=\"ce_cta__content__header\">\n            <h2  class='ce_cta__content__title '>Pour toutes vos questions n'h\u00e9sitez pas \u00e0 nous contacter<\/h2>                    <\/div>\n\n        \n    <\/div>\n\n    \n        <div class=\"ce_cta__action\">\n            <a href=\"#\"\n                              target=\"_self\"\n               class=\"button \">\n                <span>Contact<\/span>\n                                    <i class=\"fa fa-chevron-right\"><\/i>\n                            <\/a>\n        <\/div>\n\n    \n<\/div>\n\t\t<\/div>\n\t\t\t\t<\/div>\n\t\t\t\t\t<\/div>\n\t\t<\/div>\n\t\t\t\t\t\t\t<\/div>\n\t\t<\/section>\n\t\t\t\t\t\t\t<\/div>\n\t\t","protected":false},"excerpt":{"rendered":"<p>Our team grid Brandon Copperfield Founder &amp; CEO The founder of Consulting WP, he has been the captain of this ship from the beginning and has sailed&#8230; Voir le profil Clark Roberts Chief Finance Officer Being the CFO in the Financial Industry is a tough task, thankfully he was here to man the helm&#8230; Voir<\/p>\n","protected":false},"author":1,"featured_media":0,"parent":6352,"menu_order":0,"comment_status":"closed","ping_status":"closed","template":"","meta":{"footnotes":""},"class_list":["post-462","page","type-page","status-publish","hentry"],"_links":{"self":[{"href":"https:\/\/apim-mali.cliniquepasteurmali.com\/testA\/wp-json\/wp\/v2\/pages\/462","targetHints":{"allow":["GET"]}}],"collection":[{"href":"https:\/\/apim-mali.cliniquepasteurmali.com\/testA\/wp-json\/wp\/v2\/pages"}],"about":[{"href":"https:\/\/apim-mali.cliniquepasteurmali.com\/testA\/wp-json\/wp\/v2\/types\/page"}],"author":[{"embeddable":true,"href":"https:\/\/apim-mali.cliniquepasteurmali.com\/testA\/wp-json\/wp\/v2\/users\/1"}],"replies":[{"embeddable":true,"href":"https:\/\/apim-mali.cliniquepasteurmali.com\/testA\/wp-json\/wp\/v2\/comments?post=462"}],"version-history":[{"count":4,"href":"https:\/\/apim-mali.cliniquepasteurmali.com\/testA\/wp-json\/wp\/v2\/pages\/462\/revisions"}],"predecessor-version":[{"id":7589,"href":"https:\/\/apim-mali.cliniquepasteurmali.com\/testA\/wp-json\/wp\/v2\/pages\/462\/revisions\/7589"}],"up":[{"embeddable":true,"href":"https:\/\/apim-mali.cliniquepasteurmali.com\/testA\/wp-json\/wp\/v2\/pages\/6352"}],"wp:attachment":[{"href":"https:\/\/apim-mali.cliniquepasteurmali.com\/testA\/wp-json\/wp\/v2\/media?parent=462"}],"curies":[{"name":"wp","href":"https:\/\/api.w.org\/{rel}","templated":true}]}}